{"id":2938,"date":"2022-11-10T09:23:40","date_gmt":"2022-11-10T09:23:40","guid":{"rendered":"https:\/\/istrian-countryhouses.com\/agb\/"},"modified":"2022-11-24T11:50:09","modified_gmt":"2022-11-24T11:50:09","slug":"datenschutz","status":"publish","type":"page","link":"https:\/\/istrian-countryhouses.com\/de\/datenschutz\/","title":{"rendered":"Datenschutz"},"content":{"rendered":"\t\t<div data-elementor-type=\"wp-page\" data-elementor-id=\"2938\" class=\"elementor elementor-2938 elementor-1434\" data-elementor-post-type=\"page\">\n\t\t\t\t\t\t<section class=\"elementor-section elementor-top-section elementor-element elementor-element-75f6a0a elementor-section-boxed elementor-section-height-default elementor-section-height-default\" data-id=\"75f6a0a\" data-element_type=\"section\" data-e-type=\"section\">\n\t\t\t\t\t\t<div class=\"elementor-container elementor-column-gap-no\">\n\t\t\t\t\t<div class=\"elementor-column elementor-col-100 elementor-top-column elementor-element elementor-element-1a52887\" data-id=\"1a52887\" data-element_type=\"column\" data-e-type=\"column\">\n\t\t\t<div class=\"elementor-widget-wrap elementor-element-populated\">\n\t\t\t\t\t\t<div class=\"elementor-element elementor-element-c2550cd elementor-widget elementor-widget-heading\" data-id=\"c2550cd\" data-element_type=\"widget\" data-e-type=\"widget\" data-widget_type=\"heading.default\">\n\t\t\t\t<div class=\"elementor-widget-container\">\n\t\t\t\t\t<h2 class=\"elementor-heading-title elementor-size-default\">AGB<\/h2>\t\t\t\t<\/div>\n\t\t\t\t<\/div>\n\t\t\t\t<div class=\"elementor-element elementor-element-e6c5067 elementor-widget elementor-widget-text-editor\" data-id=\"e6c5067\" data-element_type=\"widget\" data-e-type=\"widget\" data-widget_type=\"text-editor.default\">\n\t\t\t\t<div class=\"elementor-widget-container\">\n\t\t\t\t\t\t\t\t\t<p>Bei istrian-countryhouses.com, erreichbar \u00fcber https:\/\/istrian-countryhouses.com\/, ist eine unserer Hauptpriorit\u00e4ten die Privatsph\u00e4re unserer Besucher. Diese Datenschutzrichtlinie enth\u00e4lt Arten von Informationen, die von istrian-countryhouses.com gesammelt und aufgezeichnet werden, und wie wir sie verwenden.<\/p>\n<p>Wenn Sie weitere Fragen haben oder weitere Informationen zu unserer Datenschutzrichtlinie ben\u00f6tigen, z\u00f6gern Sie nicht, uns zu kontaktieren. Unsere Datenschutzrichtlinie wurde mit Hilfe des GDPR Privacy Policy Generator erstellt.<\/p>\n<p><strong>Allgemeine Datenschutzverordnung (DSGVO)<\/strong><\/p>\n<p>Wir sind ein Datenverantwortlicher Ihrer Informationen.<\/p>\n<p>Die rechtliche Grundlage von Istrian Country Houses f\u00fcr die Erhebung und Verwendung der in dieser Datenschutzrichtlinie beschriebenen personenbezogenen Daten h\u00e4ngt von den von uns erhobenen personenbezogenen Daten und dem spezifischen Kontext ab, in dem wir die Daten erheben:<\/p>\n<p>Istrian Country Houses muss einen Vertrag mit Ihnen abschlie\u00dfen<br \/>Sie haben Istrian Country Houses die Erlaubnis dazu erteilt<br \/>Die Verarbeitung Ihrer personenbezogenen Daten liegt im berechtigten Interesse von Istrian Country Houses<br \/>Istrian Country Houses muss sich an das Gesetz halten<br \/>Istrian Country Houses speichert Ihre personenbezogenen Daten nur so lange, wie dies f\u00fcr die in dieser Datenschutzrichtlinie dargelegten Zwecke erforderlich ist. Wir speichern und verwenden Ihre Daten in dem Umfang, der erforderlich ist, um unseren gesetzlichen Verpflichtungen nachzukommen, Streitigkeiten beizulegen und unsere Richtlinien durchzusetzen.<\/p>\n<p>Wenn Sie im Europ\u00e4ischen Wirtschaftsraum (EWR) ans\u00e4ssig sind, haben Sie bestimmte Datenschutzrechte. Wenn Sie dar\u00fcber informiert werden m\u00f6chten, welche personenbezogenen Daten wir \u00fcber Sie gespeichert haben, und wenn Sie m\u00f6chten, dass diese aus unseren Systemen entfernt werden, kontaktieren Sie uns bitte.<\/p>\n<p>Ihnen stehen unter Umst\u00e4nden folgende Datenschutzrechte zu:<\/p>\n<p>Das Recht, auf die Informationen, die wir \u00fcber Sie haben, zuzugreifen, sie zu aktualisieren oder zu l\u00f6schen.<br \/>Das Recht auf Berichtigung.<br \/>Das Widerspruchsrecht.<br \/>Das Einschr\u00e4nkungsrecht.<br \/>Das Recht auf Daten\u00fcbertragbarkeit<br \/>Das Recht auf Widerruf der Einwilligung<\/p>\n<p><strong>Log Files<\/strong><\/p>\n<p>istrian-countryhouses.com folgt einem Standardverfahren zur Verwendung von Protokolldateien. Diese Dateien protokollieren Besucher, wenn sie Websites besuchen. Alle Hosting-Unternehmen tun dies und einen Teil der Analyse der Hosting-Dienste. Zu den von Protokolldateien gesammelten Informationen geh\u00f6ren Internetprotokolladressen (IP-Adressen), Browsertyp, Internetdienstanbieter (ISP), Datums- und Zeitstempel, Verweis-\/Ausstiegsseiten und m\u00f6glicherweise die Anzahl der Klicks. Diese werden nicht mit personenbezogenen Daten verkn\u00fcpft. Der Zweck der Informationen besteht darin, Trends zu analysieren, die Website zu verwalten, die Bewegungen der Benutzer auf der Website zu verfolgen und demografische Informationen zu sammeln.<\/p>\n<p><strong>Cookies und Web-Beacons<\/strong><\/p>\n<p>Wie jede andere Website verwendet auch istrian-countryhouses.com \u201eCookies\u201c. Diese Cookies werden verwendet, um Informationen zu speichern, einschlie\u00dflich der Pr\u00e4ferenzen der Besucher und der Seiten auf der Website, die der Besucher aufgerufen oder besucht hat. Die Informationen werden verwendet, um die Benutzererfahrung zu optimieren, indem der Inhalt unserer Webseite basierend auf dem Browsertyp der Besucher und\/oder anderen Informationen angepasst wird.<\/p>\n<p><strong>Datenschutzrichtlinien<\/strong><\/p>\n<p>Sie k\u00f6nnen diese Liste konsultieren, um die Datenschutzrichtlinie f\u00fcr jeden der Werbepartner von istrian-countryhouses.com zu finden.<\/p>\n<p>Werbeserver oder Werbenetzwerke von Drittanbietern verwenden Technologien wie Cookies, JavaScript oder Web Beacons, die in ihren jeweiligen Anzeigen und Links verwendet werden, die auf istrian-countryhouses.com erscheinen und direkt an den Browser der Benutzer gesendet werden. Sie erhalten dabei automatisch Ihre IP-Adresse. Diese Technologien werden verwendet, um die Effektivit\u00e4t ihrer Werbekampagnen zu messen und\/oder die Werbeinhalte zu personalisieren, die Sie auf den von Ihnen besuchten Websites sehen.<\/p>\n<p>Beachten Sie, dass istrian-countryhouses.com keinen Zugriff auf oder keine Kontrolle \u00fcber diese Cookies hat, die von Drittanbietern verwendet werden.<\/p>\n<p><strong>Datenschutzrichtlinien von Drittanbietern<\/strong><\/p>\n<p>Die Datenschutzrichtlinie von istrian-countryhouses.com gilt nicht f\u00fcr andere Werbetreibende oder Websites. Daher empfehlen wir Ihnen, die jeweiligen Datenschutzrichtlinien dieser Drittanbieter-Ad-Server f\u00fcr detailliertere Informationen zu konsultieren. Es kann ihre Praktiken und Anweisungen zum Deaktivieren bestimmter Optionen enthalten.<\/p>\n<p>Sie k\u00f6nnen Cookies \u00fcber Ihre individuellen Browseroptionen deaktivieren. Ausf\u00fchrlichere Informationen zur Cookie-Verwaltung mit bestimmten Webbrowsern finden Sie auf den jeweiligen Websites der Browser.<\/p>\n<p><strong>Nur Online-Datenschutzrichtlinie<\/strong><\/p>\n<p>Unsere Datenschutzrichtlinie gilt nur f\u00fcr unsere Online-Aktivit\u00e4ten und gilt f\u00fcr Besucher unserer Website in Bezug auf die Informationen, die sie auf istrian-countryhouses.com geteilt und\/oder gesammelt haben. Diese Richtlinie gilt nicht f\u00fcr Informationen, die offline oder \u00fcber andere Kan\u00e4le als diese Website gesammelt werden.<\/p>\n<p><strong>Zustimmung<\/strong><\/p>\n<p>Durch die Nutzung unserer Website stimmen Sie hiermit unserer Datenschutzrichtlinie zu und stimmen ihren Bedingungen zu.<\/p>\n\t\t\t\t\t\t\t\t<\/div>\n\t\t\t\t<\/div>\n\t\t\t\t\t<\/div>\n\t\t<\/div>\n\t\t\t\t\t<\/div>\n\t\t<\/section>\n\t\t\t\t<\/div>\n\t\t","protected":false},"excerpt":{"rendered":"<p>AGB Bei istrian-countryhouses.com, erreichbar \u00fcber https:\/\/istrian-countryhouses.com\/, ist eine unserer Hauptpriorit\u00e4ten die Privatsph\u00e4re unserer Besucher. Diese Datenschutzrichtlinie enth\u00e4lt Arten von Informationen, die von istrian-countryhouses.com gesammelt und aufgezeichnet werden, und wie wir sie verwenden. Wenn Sie weitere Fragen haben oder weitere Informationen zu unserer Datenschutzrichtlinie ben\u00f6tigen, z\u00f6gern Sie nicht, uns zu kontaktieren. Unsere Datenschutzrichtlinie wurde mit Hilfe [&hellip;]<\/p>\n","protected":false},"author":1,"featured_media":0,"parent":0,"menu_order":0,"comment_status":"closed","ping_status":"closed","template":"elementor_header_footer","meta":{"footnotes":""},"class_list":["post-2938","page","type-page","status-publish","hentry"],"_links":{"self":[{"href":"https:\/\/istrian-countryhouses.com\/de\/wp-json\/wp\/v2\/pages\/2938","targetHints":{"allow":["GET"]}}],"collection":[{"href":"https:\/\/istrian-countryhouses.com\/de\/wp-json\/wp\/v2\/pages"}],"about":[{"href":"https:\/\/istrian-countryhouses.com\/de\/wp-json\/wp\/v2\/types\/page"}],"author":[{"embeddable":true,"href":"https:\/\/istrian-countryhouses.com\/de\/wp-json\/wp\/v2\/users\/1"}],"replies":[{"embeddable":true,"href":"https:\/\/istrian-countryhouses.com\/de\/wp-json\/wp\/v2\/comments?post=2938"}],"version-history":[{"count":0,"href":"https:\/\/istrian-countryhouses.com\/de\/wp-json\/wp\/v2\/pages\/2938\/revisions"}],"wp:attachment":[{"href":"https:\/\/istrian-countryhouses.com\/de\/wp-json\/wp\/v2\/media?parent=2938"}],"curies":[{"name":"wp","href":"https:\/\/api.w.org\/{rel}","templated":true}]}}